{"id":72,"date":"2024-08-31T09:26:15","date_gmt":"2024-08-31T09:26:15","guid":{"rendered":"https:\/\/new.mehzrt.hu\/?page_id=72"},"modified":"2025-06-23T07:42:08","modified_gmt":"2025-06-23T07:42:08","slug":"kornyezet-es-minosegpolitika","status":"publish","type":"page","link":"https:\/\/mehzrt.hu\/en\/kornyezet-es-minosegpolitika\/","title":{"rendered":"Environmental and Quality Policy"},"content":{"rendered":"<div data-elementor-type=\"wp-page\" data-elementor-id=\"72\" class=\"elementor elementor-72\" data-elementor-post-type=\"page\">\n\t\t\t\t<div class=\"elementor-element elementor-element-d2be8dc e-con-full e-flex e-con e-parent\" data-id=\"d2be8dc\" data-element_type=\"container\">\n\t\t\t\t<div class=\"elementor-element elementor-element-ce2eb6f elementor-widget elementor-widget-template\" data-id=\"ce2eb6f\" data-element_type=\"widget\" data-widget_type=\"template.default\">\n\t\t\t\t<div class=\"elementor-widget-container\">\n\t\t\t\t\t\t\t<div class=\"elementor-template\">\n\t\t\t\t\t<div data-elementor-type=\"container\" data-elementor-id=\"121\" class=\"elementor elementor-121\" data-elementor-post-type=\"elementor_library\">\n\t\t\t\t<div data-dce-background-overlay-color=\"#00000000\" data-dce-background-image-url=\"https:\/\/new.mehzrt.hu\/wp-content\/uploads\/2024\/08\/main_hero_image_meh_zrt.webp\" class=\"elementor-element elementor-element-7f6c15af e-flex e-con-boxed e-con e-parent\" data-id=\"7f6c15af\" data-element_type=\"container\" data-settings=\"{&quot;background_background&quot;:&quot;classic&quot;}\">\n\t\t\t\t\t<div class=\"e-con-inner\">\n\t\t\t\t\t<\/div>\n\t\t\t\t<\/div>\n\t\t\t\t<\/div>\n\t\t\t\t<\/div>\n\t\t\t\t\t\t<\/div>\n\t\t\t\t<\/div>\n\t\t\t\t<\/div>\n\t\t<div class=\"elementor-element elementor-element-fe98a44 e-flex e-con-boxed e-con e-parent\" data-id=\"fe98a44\" data-element_type=\"container\">\n\t\t\t\t\t<div class=\"e-con-inner\">\n\t\t\t\t<div class=\"elementor-element elementor-element-8d15214 elementor-widget__width-initial elementor-widget elementor-widget-heading\" data-id=\"8d15214\" data-element_type=\"widget\" data-widget_type=\"heading.default\">\n\t\t\t\t<div class=\"elementor-widget-container\">\n\t\t\t\t\t<h2 class=\"elementor-heading-title elementor-size-default\">THE ENVIRONMENTAL AND QUALITY POLICY OF M\u00c9H ZRT.<\/h2>\t\t\t\t<\/div>\n\t\t\t\t<\/div>\n\t\t\t\t<div class=\"elementor-element elementor-element-ed5dcd7 elementor-widget__width-initial elementor-widget elementor-widget-text-editor\" data-id=\"ed5dcd7\" data-element_type=\"widget\" data-widget_type=\"text-editor.default\">\n\t\t\t\t<div class=\"elementor-widget-container\">\n\t\t\t\t\t\t\t\t\t<p class=\"cgHgbA WvQL9w Xp24Nw\"><span class=\"OYPEnA\">As a result of the growing concerns about raw materials and energy worldwide, and the increasing environmental impact of the continuous and large amounts of waste, waste has become the focus of attention. The approach that waste is not the inevitable evil, but one of the most important sources of secondary raw materials, is becoming more and more accepted. Following this approach, M\u00c9H Zrt. has been collecting recyclable waste in an organized form for more than 60 years.<\/span><\/p><p class=\"cgHgbA WvQL9w Xp24Nw\"><span class=\"OYPEnA\">The aim of M\u00c9H Zrt. is to play an increasingly important role in the waste management of Hungary and in the neighboring countries, by constantly improving the quality of our services and meeting the highest quality and environmental protection requirements.<\/span><\/p><ul class=\"yL4mFA\"><li class=\"Xp24Nw _bsDhw cgHgbA WvQL9w _4c44Ng\"><span class=\"OYPEnA\">The collected waste is sent to the recyclers who are able to recycle it as secondary raw materials and reuse it at the highest possible rate.<\/span><\/li><li class=\"Xp24Nw _bsDhw cgHgbA WvQL9w _4c44Ng\"><span class=\"OYPEnA\">We carry out our activities in full compliance with the legal and other requirements of environmental protection, to prevent pollution, and to continuously improve our environmental performance.<\/span><\/li><li class=\"Xp24Nw _bsDhw cgHgbA WvQL9w _4c44Ng\"><span class=\"OYPEnA\">We make it possible to collect a full range of collectible hazardous and non-hazardous waste.<\/span><\/li><li class=\"Xp24Nw _bsDhw cgHgbA WvQL9w _4c44Ng\"><span class=\"OYPEnA\">Our activities reduce the scope and quantity of waste meant to be disposed of.<\/span><\/li><li class=\"Xp24Nw _bsDhw cgHgbA WvQL9w _4c44Ng\"><span class=\"OYPEnA\">We contribute to the recycling of waste into production, thus reducing the burden on the environment.<\/span><\/li><li class=\"Xp24Nw _bsDhw cgHgbA WvQL9w _4c44Ng\"><span class=\"OYPEnA\">By collecting waste that poses a direct danger to the environment, we reduce the occurrence of environmental hazards.<\/span><\/li><li class=\"Xp24Nw _bsDhw cgHgbA WvQL9w _4c44Ng\"><span class=\"OYPEnA\">We help to ensure that only waste which currently cannot be recycled is disposed of on landfills.<\/span><\/li><li class=\"Xp24Nw _bsDhw cgHgbA WvQL9w _4c44Ng\"><span class=\"OYPEnA\">We ensure that our work is carried out with an environmentally conscious approach, by training and educating our employees.<\/span><\/li><li class=\"Xp24Nw _bsDhw cgHgbA WvQL9w _4c44Ng\"><span class=\"OYPEnA\">At our sites, we meet the environmental protection requirements with continuous investments.<\/span><\/li><li class=\"Xp24Nw _bsDhw cgHgbA WvQL9w _4c44Ng\"><span class=\"OYPEnA\">When selecting our suppliers and subcontractors, their environmental performance is taken into account.<\/span><\/li><li class=\"Xp24Nw _bsDhw cgHgbA WvQL9w _4c44Ng\"><span class=\"OYPEnA\">We ensure that our policy is understood and accepted at all levels of our organization and that our employees have a natural desire for quality work, and show initiative to keep improving the quality.<\/span><\/li><li class=\"Xp24Nw _bsDhw cgHgbA WvQL9w _4c44Ng\"><span class=\"OYPEnA\">In order to better meet the needs of our customers and to widen our customer base, we are constantly expanding and modernizing our activities and assets.<\/span><\/li><li class=\"Xp24Nw _bsDhw cgHgbA WvQL9w _4c44Ng\"><span class=\"OYPEnA\">We provide our supplier partners with professional waste management, complex environmental services and technical capability to facilitate selective waste collection.<\/span><\/li><li class=\"Xp24Nw _bsDhw cgHgbA WvQL9w _4c44Ng\"><span class=\"OYPEnA\">We are committed to conscious activity that promotes the protection of the environment, both in our development activity, and in our awareness raising advertising and PR activities.<\/span><\/li><li class=\"Xp24Nw _bsDhw cgHgbA WvQL9w _4c44Ng\"><span class=\"OYPEnA\">The management and all employees of M\u00c9H Zrt. assume responsibility for the continuous maintenance and improvement of quality.<\/span><\/li><\/ul><p class=\"cgHgbA WvQL9w Xp24Nw\"><strong><span class=\"OYPEnA\">FOR THE PROTECTION OF OUR ENVIRONMENT, TOGETHER WITH YOU AND FOR YOU.<\/span><\/strong><\/p><p class=\"cgHgbA WvQL9w Xp24Nw\"><strong><span class=\"OYPEnA\">Gy\u0151r, 2024. december 2.<\/span><\/strong><\/p><p class=\"cgHgbA WvQL9w Xp24Nw\"><strong><span class=\"OYPEnA\">G\u00e1bor Boda<\/span><\/strong><\/p><p><strong>Director General<\/strong><\/p>\t\t\t\t\t\t\t\t<\/div>\n\t\t\t\t<\/div>\n\t\t\t\t\t<\/div>\n\t\t\t\t<\/div>\n\t\t<div class=\"elementor-element elementor-element-ae60ade e-flex e-con-boxed e-con e-parent\" data-id=\"ae60ade\" data-element_type=\"container\">\n\t\t\t\t\t<div class=\"e-con-inner\">\n\t\t<div class=\"elementor-element elementor-element-8ebbd84 e-con-full e-flex e-con e-child\" data-id=\"8ebbd84\" data-element_type=\"container\">\n\t\t\t\t<div class=\"elementor-element elementor-element-84eeaef dce_masking-none elementor-widget elementor-widget-image\" data-id=\"84eeaef\" data-element_type=\"widget\" data-widget_type=\"image.default\">\n\t\t\t\t<div class=\"elementor-widget-container\">\n\t\t\t\t\t\t\t\t\t\t\t\t\t\t\t<img fetchpriority=\"high\" decoding=\"async\" width=\"377\" height=\"186\" src=\"https:\/\/mehzrt.hu\/wp-content\/uploads\/2024\/08\/MEH_logo_recycling_zold@4x-1.png\" class=\"attachment-large size-large wp-image-1173\" alt=\"\" srcset=\"https:\/\/mehzrt.hu\/wp-content\/uploads\/2024\/08\/MEH_logo_recycling_zold@4x-1.png 377w, https:\/\/mehzrt.hu\/wp-content\/uploads\/2024\/08\/MEH_logo_recycling_zold@4x-1-300x148.png 300w\" sizes=\"(max-width: 377px) 100vw, 377px\" \/>\t\t\t\t\t\t\t\t\t\t\t\t\t\t\t<\/div>\n\t\t\t\t<\/div>\n\t\t\t\t<\/div>\n\t\t\t\t\t<\/div>\n\t\t\t\t<\/div>\n\t\t\t\t<\/div>","protected":false},"excerpt":{"rendered":"<p>A M\u00c9H HULLAD\u00c9KGAZD\u00c1LKOD\u00c1SI \u00c9S K\u00d6RNYEZETIPARI ZRT. K\u00d6RNYEZET- \u00c9S MIN\u0150S\u00c9GPOLITIK\u00c1JA A vil\u00e1g egyre s\u00falyosabb nyersanyag \u00e9s energiagondjainak, valamint a folyamatosan \u00e9s nagy mennyis\u00e9gben keletkez\u0151 hullad\u00e9kok n\u00f6vekv\u0151 k\u00f6rnyezetterhel\u00e9s\u00e9nek k\u00f6sz\u00f6nhet\u0151en a hullad\u00e9kok a figyelem k\u00f6zpontj\u00e1ba ker\u00fcltek. Egyre ink\u00e1bb \u00e9rv\u00e9nyes\u00fcl az a szeml\u00e9let, hogy a hullad\u00e9k nem az elker\u00fclhetetlen rossz, hanem az egyik legfontosabb m\u00e1sodnyersanyag forr\u00e1s. Ezt a szeml\u00e9letet [&hellip;]<\/p>","protected":false},"author":1,"featured_media":0,"parent":0,"menu_order":0,"comment_status":"closed","ping_status":"closed","template":"","meta":{"_acf_changed":false,"footnotes":""},"class_list":["post-72","page","type-page","status-publish","hentry"],"acf":[],"_links":{"self":[{"href":"https:\/\/mehzrt.hu\/en\/wp-json\/wp\/v2\/pages\/72","targetHints":{"allow":["GET"]}}],"collection":[{"href":"https:\/\/mehzrt.hu\/en\/wp-json\/wp\/v2\/pages"}],"about":[{"href":"https:\/\/mehzrt.hu\/en\/wp-json\/wp\/v2\/types\/page"}],"author":[{"embeddable":true,"href":"https:\/\/mehzrt.hu\/en\/wp-json\/wp\/v2\/users\/1"}],"replies":[{"embeddable":true,"href":"https:\/\/mehzrt.hu\/en\/wp-json\/wp\/v2\/comments?post=72"}],"version-history":[{"count":22,"href":"https:\/\/mehzrt.hu\/en\/wp-json\/wp\/v2\/pages\/72\/revisions"}],"predecessor-version":[{"id":1850,"href":"https:\/\/mehzrt.hu\/en\/wp-json\/wp\/v2\/pages\/72\/revisions\/1850"}],"wp:attachment":[{"href":"https:\/\/mehzrt.hu\/en\/wp-json\/wp\/v2\/media?parent=72"}],"curies":[{"name":"wp","href":"https:\/\/api.w.org\/{rel}","templated":true}]}}