{"id":231,"date":"2024-08-31T12:03:33","date_gmt":"2024-08-31T12:03:33","guid":{"rendered":"https:\/\/new.mehzrt.hu\/?page_id=231"},"modified":"2024-10-15T15:12:26","modified_gmt":"2024-10-15T15:12:26","slug":"galeria","status":"publish","type":"page","link":"https:\/\/mehzrt.hu\/en\/galeria\/","title":{"rendered":"Gallery"},"content":{"rendered":"<div data-elementor-type=\"wp-page\" data-elementor-id=\"231\" class=\"elementor elementor-231\" data-elementor-post-type=\"page\">\n\t\t\t\t<div class=\"elementor-element elementor-element-f20da82 e-con-full e-flex e-con e-parent\" data-id=\"f20da82\" data-element_type=\"container\">\n\t\t\t\t<div class=\"elementor-element elementor-element-e1d1011 elementor-widget elementor-widget-template\" data-id=\"e1d1011\" data-element_type=\"widget\" data-widget_type=\"template.default\">\n\t\t\t\t<div class=\"elementor-widget-container\">\n\t\t\t\t\t\t\t<div class=\"elementor-template\">\n\t\t\t\t\t<div data-elementor-type=\"container\" data-elementor-id=\"121\" class=\"elementor elementor-121\" data-elementor-post-type=\"elementor_library\">\n\t\t\t\t<div data-dce-background-overlay-color=\"#00000000\" data-dce-background-image-url=\"https:\/\/new.mehzrt.hu\/wp-content\/uploads\/2024\/08\/main_hero_image_meh_zrt.webp\" class=\"elementor-element elementor-element-7f6c15af e-flex e-con-boxed e-con e-parent\" data-id=\"7f6c15af\" data-element_type=\"container\" data-settings=\"{&quot;background_background&quot;:&quot;classic&quot;}\">\n\t\t\t\t\t<div class=\"e-con-inner\">\n\t\t\t\t\t<\/div>\n\t\t\t\t<\/div>\n\t\t\t\t<\/div>\n\t\t\t\t<\/div>\n\t\t\t\t\t\t<\/div>\n\t\t\t\t<\/div>\n\t\t\t\t<\/div>\n\t\t<div class=\"elementor-element elementor-element-943e3bd e-flex e-con-boxed e-con e-parent\" data-id=\"943e3bd\" data-element_type=\"container\">\n\t\t\t\t\t<div class=\"e-con-inner\">\n\t\t\t\t<div class=\"elementor-element elementor-element-05b8315 elementor-widget elementor-widget-gallery\" data-id=\"05b8315\" data-element_type=\"widget\" data-settings=\"{&quot;columns&quot;:3,&quot;image_hover_animation&quot;:&quot;grow&quot;,&quot;lazyload&quot;:&quot;yes&quot;,&quot;gallery_layout&quot;:&quot;grid&quot;,&quot;columns_tablet&quot;:2,&quot;columns_mobile&quot;:1,&quot;gap&quot;:{&quot;unit&quot;:&quot;px&quot;,&quot;size&quot;:10,&quot;sizes&quot;:[]},&quot;gap_tablet&quot;:{&quot;unit&quot;:&quot;px&quot;,&quot;size&quot;:10,&quot;sizes&quot;:[]},&quot;gap_mobile&quot;:{&quot;unit&quot;:&quot;px&quot;,&quot;size&quot;:10,&quot;sizes&quot;:[]},&quot;link_to&quot;:&quot;file&quot;,&quot;aspect_ratio&quot;:&quot;3:2&quot;,&quot;overlay_background&quot;:&quot;yes&quot;,&quot;content_hover_animation&quot;:&quot;fade-in&quot;}\" data-widget_type=\"gallery.default\">\n\t\t\t\t<div class=\"elementor-widget-container\">\n\t\t\t\t\t\t\t<div class=\"elementor-gallery__container\">\n\t\t\t\t\t\t\t<a class=\"e-gallery-item elementor-gallery-item elementor-animated-content\" href=\"https:\/\/mehzrt.hu\/wp-content\/uploads\/2024\/09\/Nyak-masodosztalyu-panel-200136-min.webp\" data-elementor-open-lightbox=\"yes\" data-elementor-lightbox-slideshow=\"05b8315\" data-e-action-hash=\"#elementor-action%3Aaction%3Dlightbox%26settings%3DeyJpZCI6MTIxMSwidXJsIjoiaHR0cHM6XC9cL21laHpydC5odVwvd3AtY29udGVudFwvdXBsb2Fkc1wvMjAyNFwvMDlcL055YWstbWFzb2Rvc3p0YWx5dS1wYW5lbC0yMDAxMzYtbWluLndlYnAiLCJzbGlkZXNob3ciOiIwNWI4MzE1In0%3D\">\n\t\t\t\t\t<div class=\"e-gallery-image elementor-gallery-item__image\" data-thumbnail=\"https:\/\/mehzrt.hu\/wp-content\/uploads\/2024\/09\/Nyak-masodosztalyu-panel-200136-min-300x184.webp\" data-width=\"300\" data-height=\"184\" aria-label=\"\" role=\"img\" ><\/div>\n\t\t\t\t\t\t\t\t\t\t\t<div class=\"elementor-gallery-item__overlay\"><\/div>\n\t\t\t\t\t\t\t\t\t\t\t\t\t\t<\/a>\n\t\t\t\t\t\t\t<a class=\"e-gallery-item elementor-gallery-item elementor-animated-content\" href=\"https:\/\/mehzrt.hu\/wp-content\/uploads\/2024\/09\/DSC09577-min.webp\" data-elementor-open-lightbox=\"yes\" data-elementor-lightbox-slideshow=\"05b8315\" data-e-action-hash=\"#elementor-action%3Aaction%3Dlightbox%26settings%3DeyJpZCI6MTIwOCwidXJsIjoiaHR0cHM6XC9cL21laHpydC5odVwvd3AtY29udGVudFwvdXBsb2Fkc1wvMjAyNFwvMDlcL0RTQzA5NTc3LW1pbi53ZWJwIiwic2xpZGVzaG93IjoiMDViODMxNSJ9\">\n\t\t\t\t\t<div class=\"e-gallery-image elementor-gallery-item__image\" data-thumbnail=\"https:\/\/mehzrt.hu\/wp-content\/uploads\/2024\/09\/DSC09577-min-300x184.webp\" data-width=\"300\" data-height=\"184\" aria-label=\"\" role=\"img\" ><\/div>\n\t\t\t\t\t\t\t\t\t\t\t<div class=\"elementor-gallery-item__overlay\"><\/div>\n\t\t\t\t\t\t\t\t\t\t\t\t\t\t<\/a>\n\t\t\t\t\t\t\t<a class=\"e-gallery-item elementor-gallery-item elementor-animated-content\" href=\"https:\/\/mehzrt.hu\/wp-content\/uploads\/2024\/09\/4kdaralo.00_06_48_15.Still004-Enhanced-SR-min.webp\" data-elementor-open-lightbox=\"yes\" data-elementor-lightbox-slideshow=\"05b8315\" data-e-action-hash=\"#elementor-action%3Aaction%3Dlightbox%26settings%3DeyJpZCI6MTE4MSwidXJsIjoiaHR0cHM6XC9cL21laHpydC5odVwvd3AtY29udGVudFwvdXBsb2Fkc1wvMjAyNFwvMDlcLzRrZGFyYWxvLjAwXzA2XzQ4XzE1LlN0aWxsMDA0LUVuaGFuY2VkLVNSLW1pbi53ZWJwIiwic2xpZGVzaG93IjoiMDViODMxNSJ9\">\n\t\t\t\t\t<div class=\"e-gallery-image elementor-gallery-item__image\" data-thumbnail=\"https:\/\/mehzrt.hu\/wp-content\/uploads\/2024\/09\/4kdaralo.00_06_48_15.Still004-Enhanced-SR-min-300x184.webp\" data-width=\"300\" data-height=\"184\" aria-label=\"\" role=\"img\" ><\/div>\n\t\t\t\t\t\t\t\t\t\t\t<div class=\"elementor-gallery-item__overlay\"><\/div>\n\t\t\t\t\t\t\t\t\t\t\t\t\t\t<\/a>\n\t\t\t\t\t\t\t<a class=\"e-gallery-item elementor-gallery-item elementor-animated-content\" href=\"https:\/\/mehzrt.hu\/wp-content\/uploads\/2024\/09\/DSC09350-min.webp\" data-elementor-open-lightbox=\"yes\" data-elementor-lightbox-slideshow=\"05b8315\" data-e-action-hash=\"#elementor-action%3Aaction%3Dlightbox%26settings%3DeyJpZCI6MTIwNSwidXJsIjoiaHR0cHM6XC9cL21laHpydC5odVwvd3AtY29udGVudFwvdXBsb2Fkc1wvMjAyNFwvMDlcL0RTQzA5MzUwLW1pbi53ZWJwIiwic2xpZGVzaG93IjoiMDViODMxNSJ9\">\n\t\t\t\t\t<div class=\"e-gallery-image elementor-gallery-item__image\" data-thumbnail=\"https:\/\/mehzrt.hu\/wp-content\/uploads\/2024\/09\/DSC09350-min-300x184.webp\" data-width=\"300\" data-height=\"184\" aria-label=\"\" role=\"img\" ><\/div>\n\t\t\t\t\t\t\t\t\t\t\t<div class=\"elementor-gallery-item__overlay\"><\/div>\n\t\t\t\t\t\t\t\t\t\t\t\t\t\t<\/a>\n\t\t\t\t\t\t\t<a class=\"e-gallery-item elementor-gallery-item elementor-animated-content\" href=\"https:\/\/mehzrt.hu\/wp-content\/uploads\/2024\/09\/DSC09316-Edit-min.webp\" data-elementor-open-lightbox=\"yes\" data-elementor-lightbox-slideshow=\"05b8315\" data-e-action-hash=\"#elementor-action%3Aaction%3Dlightbox%26settings%3DeyJpZCI6MTIwMiwidXJsIjoiaHR0cHM6XC9cL21laHpydC5odVwvd3AtY29udGVudFwvdXBsb2Fkc1wvMjAyNFwvMDlcL0RTQzA5MzE2LUVkaXQtbWluLndlYnAiLCJzbGlkZXNob3ciOiIwNWI4MzE1In0%3D\">\n\t\t\t\t\t<div class=\"e-gallery-image elementor-gallery-item__image\" data-thumbnail=\"https:\/\/mehzrt.hu\/wp-content\/uploads\/2024\/09\/DSC09316-Edit-min-300x184.webp\" data-width=\"300\" data-height=\"184\" aria-label=\"\" role=\"img\" ><\/div>\n\t\t\t\t\t\t\t\t\t\t\t<div class=\"elementor-gallery-item__overlay\"><\/div>\n\t\t\t\t\t\t\t\t\t\t\t\t\t\t<\/a>\n\t\t\t\t\t\t\t<a class=\"e-gallery-item elementor-gallery-item elementor-animated-content\" href=\"https:\/\/mehzrt.hu\/wp-content\/uploads\/2024\/09\/DSC08936-min.webp\" data-elementor-open-lightbox=\"yes\" data-elementor-lightbox-slideshow=\"05b8315\" data-e-action-hash=\"#elementor-action%3Aaction%3Dlightbox%26settings%3DeyJpZCI6MTE5OSwidXJsIjoiaHR0cHM6XC9cL21laHpydC5odVwvd3AtY29udGVudFwvdXBsb2Fkc1wvMjAyNFwvMDlcL0RTQzA4OTM2LW1pbi53ZWJwIiwic2xpZGVzaG93IjoiMDViODMxNSJ9\">\n\t\t\t\t\t<div class=\"e-gallery-image elementor-gallery-item__image\" data-thumbnail=\"https:\/\/mehzrt.hu\/wp-content\/uploads\/2024\/09\/DSC08936-min-300x184.webp\" data-width=\"300\" data-height=\"184\" aria-label=\"\" role=\"img\" ><\/div>\n\t\t\t\t\t\t\t\t\t\t\t<div class=\"elementor-gallery-item__overlay\"><\/div>\n\t\t\t\t\t\t\t\t\t\t\t\t\t\t<\/a>\n\t\t\t\t\t\t\t<a class=\"e-gallery-item elementor-gallery-item elementor-animated-content\" href=\"https:\/\/mehzrt.hu\/wp-content\/uploads\/2024\/09\/DSC08613-min.webp\" data-elementor-open-lightbox=\"yes\" data-elementor-lightbox-slideshow=\"05b8315\" data-e-action-hash=\"#elementor-action%3Aaction%3Dlightbox%26settings%3DeyJpZCI6MTE5NiwidXJsIjoiaHR0cHM6XC9cL21laHpydC5odVwvd3AtY29udGVudFwvdXBsb2Fkc1wvMjAyNFwvMDlcL0RTQzA4NjEzLW1pbi53ZWJwIiwic2xpZGVzaG93IjoiMDViODMxNSJ9\">\n\t\t\t\t\t<div class=\"e-gallery-image elementor-gallery-item__image\" data-thumbnail=\"https:\/\/mehzrt.hu\/wp-content\/uploads\/2024\/09\/DSC08613-min-300x184.webp\" data-width=\"300\" data-height=\"184\" aria-label=\"\" role=\"img\" ><\/div>\n\t\t\t\t\t\t\t\t\t\t\t<div class=\"elementor-gallery-item__overlay\"><\/div>\n\t\t\t\t\t\t\t\t\t\t\t\t\t\t<\/a>\n\t\t\t\t\t\t\t<a class=\"e-gallery-item elementor-gallery-item elementor-animated-content\" href=\"https:\/\/mehzrt.hu\/wp-content\/uploads\/2024\/09\/DSC08475-min.webp\" data-elementor-open-lightbox=\"yes\" data-elementor-lightbox-slideshow=\"05b8315\" data-e-action-hash=\"#elementor-action%3Aaction%3Dlightbox%26settings%3DeyJpZCI6MTE5MywidXJsIjoiaHR0cHM6XC9cL21laHpydC5odVwvd3AtY29udGVudFwvdXBsb2Fkc1wvMjAyNFwvMDlcL0RTQzA4NDc1LW1pbi53ZWJwIiwic2xpZGVzaG93IjoiMDViODMxNSJ9\">\n\t\t\t\t\t<div class=\"e-gallery-image elementor-gallery-item__image\" data-thumbnail=\"https:\/\/mehzrt.hu\/wp-content\/uploads\/2024\/09\/DSC08475-min-300x184.webp\" data-width=\"300\" data-height=\"184\" aria-label=\"\" role=\"img\" ><\/div>\n\t\t\t\t\t\t\t\t\t\t\t<div class=\"elementor-gallery-item__overlay\"><\/div>\n\t\t\t\t\t\t\t\t\t\t\t\t\t\t<\/a>\n\t\t\t\t\t\t\t<a class=\"e-gallery-item elementor-gallery-item elementor-animated-content\" href=\"https:\/\/mehzrt.hu\/wp-content\/uploads\/2024\/09\/DSC00163-Edit-min.webp\" data-elementor-open-lightbox=\"yes\" data-elementor-lightbox-slideshow=\"05b8315\" data-e-action-hash=\"#elementor-action%3Aaction%3Dlightbox%26settings%3DeyJpZCI6MTE5MCwidXJsIjoiaHR0cHM6XC9cL21laHpydC5odVwvd3AtY29udGVudFwvdXBsb2Fkc1wvMjAyNFwvMDlcL0RTQzAwMTYzLUVkaXQtbWluLndlYnAiLCJzbGlkZXNob3ciOiIwNWI4MzE1In0%3D\">\n\t\t\t\t\t<div class=\"e-gallery-image elementor-gallery-item__image\" data-thumbnail=\"https:\/\/mehzrt.hu\/wp-content\/uploads\/2024\/09\/DSC00163-Edit-min-300x184.webp\" data-width=\"300\" data-height=\"184\" aria-label=\"\" role=\"img\" ><\/div>\n\t\t\t\t\t\t\t\t\t\t\t<div class=\"elementor-gallery-item__overlay\"><\/div>\n\t\t\t\t\t\t\t\t\t\t\t\t\t\t<\/a>\n\t\t\t\t\t\t\t<a class=\"e-gallery-item elementor-gallery-item elementor-animated-content\" href=\"https:\/\/mehzrt.hu\/wp-content\/uploads\/2024\/09\/DJI_20240906144830_0018_D-min.webp\" data-elementor-open-lightbox=\"yes\" data-elementor-lightbox-slideshow=\"05b8315\" data-e-action-hash=\"#elementor-action%3Aaction%3Dlightbox%26settings%3DeyJpZCI6MTE4NywidXJsIjoiaHR0cHM6XC9cL21laHpydC5odVwvd3AtY29udGVudFwvdXBsb2Fkc1wvMjAyNFwvMDlcL0RKSV8yMDI0MDkwNjE0NDgzMF8wMDE4X0QtbWluLndlYnAiLCJzbGlkZXNob3ciOiIwNWI4MzE1In0%3D\">\n\t\t\t\t\t<div class=\"e-gallery-image elementor-gallery-item__image\" data-thumbnail=\"https:\/\/mehzrt.hu\/wp-content\/uploads\/2024\/09\/DJI_20240906144830_0018_D-min-300x184.webp\" data-width=\"300\" data-height=\"184\" aria-label=\"\" role=\"img\" ><\/div>\n\t\t\t\t\t\t\t\t\t\t\t<div class=\"elementor-gallery-item__overlay\"><\/div>\n\t\t\t\t\t\t\t\t\t\t\t\t\t\t<\/a>\n\t\t\t\t\t\t\t<a class=\"e-gallery-item elementor-gallery-item elementor-animated-content\" href=\"https:\/\/mehzrt.hu\/wp-content\/uploads\/2024\/09\/Acel-hulladek-vegyes-200140-min.webp\" data-elementor-open-lightbox=\"yes\" data-elementor-lightbox-slideshow=\"05b8315\" data-e-action-hash=\"#elementor-action%3Aaction%3Dlightbox%26settings%3DeyJpZCI6MTE4NCwidXJsIjoiaHR0cHM6XC9cL21laHpydC5odVwvd3AtY29udGVudFwvdXBsb2Fkc1wvMjAyNFwvMDlcL0FjZWwtaHVsbGFkZWstdmVneWVzLTIwMDE0MC1taW4ud2VicCIsInNsaWRlc2hvdyI6IjA1YjgzMTUifQ%3D%3D\">\n\t\t\t\t\t<div class=\"e-gallery-image elementor-gallery-item__image\" data-thumbnail=\"https:\/\/mehzrt.hu\/wp-content\/uploads\/2024\/09\/Acel-hulladek-vegyes-200140-min-300x184.webp\" data-width=\"300\" data-height=\"184\" aria-label=\"\" role=\"img\" ><\/div>\n\t\t\t\t\t\t\t\t\t\t\t<div class=\"elementor-gallery-item__overlay\"><\/div>\n\t\t\t\t\t\t\t\t\t\t\t\t\t\t<\/a>\n\t\t\t\t\t<\/div>\n\t\t\t\t\t<\/div>\n\t\t\t\t<\/div>\n\t\t\t\t<div class=\"elementor-element elementor-element-a128835 elementor-widget elementor-widget-html\" data-id=\"a128835\" data-element_type=\"widget\" data-widget_type=\"html.default\">\n\t\t\t\t<div class=\"elementor-widget-container\">\n\t\t\t\t\t<script>\n\/\/ Megakad\u00e1lyozza a jobb kattint\u00e1st a k\u00e9peken\ndocument.querySelectorAll('.elementor-gallery-item__image').forEach(item => {\n    item.addEventListener('contextmenu', event => event.preventDefault());\n});\n\n\/\/ Megakad\u00e1lyozza a k\u00e9pek h\u00faz\u00e1s\u00e1t\ndocument.querySelectorAll('.elementor-gallery-item__image').forEach(item => {\n    item.addEventListener('dragstart', event => event.preventDefault());\n});\n\n\/\/ Megakad\u00e1lyozza a jobb kattint\u00e1st az \u00f6sszes k\u00e9pen\ndocument.querySelectorAll('img').forEach(img => {\n    img.addEventListener('contextmenu', event => event.preventDefault());\n});\n\n\n<\/script>\t\t\t\t<\/div>\n\t\t\t\t<\/div>\n\t\t\t\t\t<\/div>\n\t\t\t\t<\/div>\n\t\t\t\t<\/div>","protected":false},"excerpt":{"rendered":"","protected":false},"author":1,"featured_media":0,"parent":0,"menu_order":0,"comment_status":"closed","ping_status":"closed","template":"","meta":{"_acf_changed":false,"footnotes":""},"class_list":["post-231","page","type-page","status-publish","hentry"],"acf":[],"_links":{"self":[{"href":"https:\/\/mehzrt.hu\/en\/wp-json\/wp\/v2\/pages\/231","targetHints":{"allow":["GET"]}}],"collection":[{"href":"https:\/\/mehzrt.hu\/en\/wp-json\/wp\/v2\/pages"}],"about":[{"href":"https:\/\/mehzrt.hu\/en\/wp-json\/wp\/v2\/types\/page"}],"author":[{"embeddable":true,"href":"https:\/\/mehzrt.hu\/en\/wp-json\/wp\/v2\/users\/1"}],"replies":[{"embeddable":true,"href":"https:\/\/mehzrt.hu\/en\/wp-json\/wp\/v2\/comments?post=231"}],"version-history":[{"count":36,"href":"https:\/\/mehzrt.hu\/en\/wp-json\/wp\/v2\/pages\/231\/revisions"}],"predecessor-version":[{"id":1464,"href":"https:\/\/mehzrt.hu\/en\/wp-json\/wp\/v2\/pages\/231\/revisions\/1464"}],"wp:attachment":[{"href":"https:\/\/mehzrt.hu\/en\/wp-json\/wp\/v2\/media?parent=231"}],"curies":[{"name":"wp","href":"https:\/\/api.w.org\/{rel}","templated":true}]}}